{"id":4,"date":"2012-06-11T02:55:17","date_gmt":"2012-06-11T07:55:17","guid":{"rendered":"http:\/\/www.kingsentryway.com\/?page_id=4"},"modified":"2012-07-12T19:52:08","modified_gmt":"2012-07-13T00:52:08","slug":"home","status":"publish","type":"page","link":"https:\/\/kingsentryway.com\/es\/","title":{"rendered":"Un Cuento Eterno"},"content":{"rendered":"<p>El Agricultor es un hombre joven que lucha para hacer una vida cultivando la tierra en El Mont\u00f3n.<\/p>\n<p>Josh es un artesano, un cuentista, un aventurero, y tambi\u00e9n\u2026un poco extra\u00f1o.<\/p>\n<p>Cuando los dos se conocen y deciden montar en bicicleta juntos en el festival de ciclismo anual de la ciudad, el Agricultor no sabe que Josh est\u00e1 a punto de llevarlo en un viaje que lo cambiar\u00e1 para siempre.<\/p>\n<div id=\"attachment_47\" style=\"width: 332px\" class=\"wp-caption alignnone\"><a href=\"https:\/\/kingsentryway.com\/wp-content\/uploads\/2012\/06\/feat-Main.jpg\"><img loading=\"lazy\" decoding=\"async\" aria-describedby=\"caption-attachment-47\" class=\"size-full wp-image-47\" title=\"feat-Main\" src=\"https:\/\/kingsentryway.com\/wp-content\/uploads\/2012\/06\/feat-Main.jpg\" alt=\"\" width=\"322\" height=\"324\" srcset=\"https:\/\/kingsentryway.com\/wp-content\/uploads\/2012\/06\/feat-Main.jpg 322w, https:\/\/kingsentryway.com\/wp-content\/uploads\/2012\/06\/feat-Main-150x150.jpg 150w, https:\/\/kingsentryway.com\/wp-content\/uploads\/2012\/06\/feat-Main-298x300.jpg 298w, https:\/\/kingsentryway.com\/wp-content\/uploads\/2012\/06\/feat-Main-125x125.jpg 125w\" sizes=\"auto, (max-width: 322px) 100vw, 322px\" \/><\/a><p id=\"caption-attachment-47\" class=\"wp-caption-text\">\u201c\u00c9l que camina a trav\u00e9s conmigo, conmigo para siempre estar\u00e1. No estoy seguro de lo que esto significa, pero de este modo comienza la historia.\u201d \u00a0\u201cMe suena muy bonito a m\u00ed,\u201d dijo Josh.<\/p><\/div>\n<p>&nbsp;<\/p>\n","protected":false},"excerpt":{"rendered":"<p>El Agricultor es un hombre joven que lucha para hacer una vida cultivando la tierra en El Mont\u00f3n. Josh es un artesano, un cuentista, un aventurero, y tambi\u00e9n\u2026un poco extra\u00f1o. Cuando los dos se conocen y deciden montar en bicicleta juntos en el festival de ciclismo anual de la ciudad, el Agricultor no sabe que [&hellip;]<\/p>\n","protected":false},"author":85,"featured_media":0,"parent":0,"menu_order":2,"comment_status":"open","ping_status":"closed","template":"","meta":{"footnotes":""},"class_list":["post-4","page","type-page","status-publish","hentry"],"yoast_head":"<!-- This site is optimized with the Yoast SEO plugin v26.7 - https:\/\/yoast.com\/wordpress\/plugins\/seo\/ -->\n<title>A Timeless Tale. - El Camino de Entrada del Rey<\/title>\n<meta name=\"robots\" content=\"index, follow, max-snippet:-1, max-image-preview:large, max-video-preview:-1\" \/>\n<link rel=\"canonical\" href=\"https:\/\/kingsentryway.com\/\" \/>\n<meta name=\"twitter:label1\" content=\"Est. reading time\" \/>\n\t<meta name=\"twitter:data1\" content=\"1 minute\" \/>\n<script type=\"application\/ld+json\" class=\"yoast-schema-graph\">{\"@context\":\"https:\/\/schema.org\",\"@graph\":[{\"@type\":\"WebPage\",\"@id\":\"https:\/\/kingsentryway.com\/\",\"url\":\"https:\/\/kingsentryway.com\/\",\"name\":\"A Timeless Tale. - El Camino de Entrada del Rey\",\"isPartOf\":{\"@id\":\"https:\/\/kingsentryway.com\/#website\"},\"primaryImageOfPage\":{\"@id\":\"https:\/\/kingsentryway.com\/#primaryimage\"},\"image\":{\"@id\":\"https:\/\/kingsentryway.com\/#primaryimage\"},\"thumbnailUrl\":\"https:\/\/kingsentryway.com\/wp-content\/uploads\/2012\/06\/feat-Main.jpg\",\"datePublished\":\"2012-06-11T07:55:17+00:00\",\"dateModified\":\"2012-07-13T00:52:08+00:00\",\"inLanguage\":\"en-US\",\"potentialAction\":[{\"@type\":\"ReadAction\",\"target\":[\"https:\/\/kingsentryway.com\/\"]}]},{\"@type\":\"ImageObject\",\"inLanguage\":\"en-US\",\"@id\":\"https:\/\/kingsentryway.com\/#primaryimage\",\"url\":\"https:\/\/kingsentryway.com\/wp-content\/uploads\/2012\/06\/feat-Main.jpg\",\"contentUrl\":\"https:\/\/kingsentryway.com\/wp-content\/uploads\/2012\/06\/feat-Main.jpg\"},{\"@type\":\"WebSite\",\"@id\":\"https:\/\/kingsentryway.com\/#website\",\"url\":\"https:\/\/kingsentryway.com\/\",\"name\":\"El Camino de Entrada del Rey\",\"description\":\"Un Cuento Eterno por Bill Zukoski\",\"potentialAction\":[{\"@type\":\"SearchAction\",\"target\":{\"@type\":\"EntryPoint\",\"urlTemplate\":\"https:\/\/kingsentryway.com\/?s={search_term_string}\"},\"query-input\":{\"@type\":\"PropertyValueSpecification\",\"valueRequired\":true,\"valueName\":\"search_term_string\"}}],\"inLanguage\":\"en-US\"}]}<\/script>\n<!-- \/ Yoast SEO plugin. -->","yoast_head_json":{"title":"A Timeless Tale. - El Camino de Entrada del Rey","robots":{"index":"index","follow":"follow","max-snippet":"max-snippet:-1","max-image-preview":"max-image-preview:large","max-video-preview":"max-video-preview:-1"},"canonical":"https:\/\/kingsentryway.com\/","twitter_misc":{"Est. reading time":"1 minute"},"schema":{"@context":"https:\/\/schema.org","@graph":[{"@type":"WebPage","@id":"https:\/\/kingsentryway.com\/","url":"https:\/\/kingsentryway.com\/","name":"A Timeless Tale. - El Camino de Entrada del Rey","isPartOf":{"@id":"https:\/\/kingsentryway.com\/#website"},"primaryImageOfPage":{"@id":"https:\/\/kingsentryway.com\/#primaryimage"},"image":{"@id":"https:\/\/kingsentryway.com\/#primaryimage"},"thumbnailUrl":"https:\/\/kingsentryway.com\/wp-content\/uploads\/2012\/06\/feat-Main.jpg","datePublished":"2012-06-11T07:55:17+00:00","dateModified":"2012-07-13T00:52:08+00:00","inLanguage":"en-US","potentialAction":[{"@type":"ReadAction","target":["https:\/\/kingsentryway.com\/"]}]},{"@type":"ImageObject","inLanguage":"en-US","@id":"https:\/\/kingsentryway.com\/#primaryimage","url":"https:\/\/kingsentryway.com\/wp-content\/uploads\/2012\/06\/feat-Main.jpg","contentUrl":"https:\/\/kingsentryway.com\/wp-content\/uploads\/2012\/06\/feat-Main.jpg"},{"@type":"WebSite","@id":"https:\/\/kingsentryway.com\/#website","url":"https:\/\/kingsentryway.com\/","name":"El Camino de Entrada del Rey","description":"Un Cuento Eterno por Bill Zukoski","potentialAction":[{"@type":"SearchAction","target":{"@type":"EntryPoint","urlTemplate":"https:\/\/kingsentryway.com\/?s={search_term_string}"},"query-input":{"@type":"PropertyValueSpecification","valueRequired":true,"valueName":"search_term_string"}}],"inLanguage":"en-US"}]}},"_links":{"self":[{"href":"https:\/\/kingsentryway.com\/es\/wp-json\/wp\/v2\/pages\/4","targetHints":{"allow":["GET"]}}],"collection":[{"href":"https:\/\/kingsentryway.com\/es\/wp-json\/wp\/v2\/pages"}],"about":[{"href":"https:\/\/kingsentryway.com\/es\/wp-json\/wp\/v2\/types\/page"}],"author":[{"embeddable":true,"href":"https:\/\/kingsentryway.com\/es\/wp-json\/wp\/v2\/users\/85"}],"replies":[{"embeddable":true,"href":"https:\/\/kingsentryway.com\/es\/wp-json\/wp\/v2\/comments?post=4"}],"version-history":[{"count":26,"href":"https:\/\/kingsentryway.com\/es\/wp-json\/wp\/v2\/pages\/4\/revisions"}],"predecessor-version":[{"id":304,"href":"https:\/\/kingsentryway.com\/es\/wp-json\/wp\/v2\/pages\/4\/revisions\/304"}],"wp:attachment":[{"href":"https:\/\/kingsentryway.com\/es\/wp-json\/wp\/v2\/media?parent=4"}],"curies":[{"name":"wp","href":"https:\/\/api.w.org\/{rel}","templated":true}]}}