{"id":19,"date":"2012-06-11T10:42:02","date_gmt":"2012-06-11T15:42:02","guid":{"rendered":"http:\/\/www.kingsentryway.com\/?page_id=19"},"modified":"2022-07-25T13:40:22","modified_gmt":"2022-07-25T18:40:22","slug":"about-the-author","status":"publish","type":"page","link":"https:\/\/kingsentryway.com\/es\/about-the-author\/","title":{"rendered":"Sobre el Autor"},"content":{"rendered":"<p>Bill es el director de Ministerios Pr\u00e1cticos, escribe lecciones de estudio de Biblia para ni\u00f1os y organiza grupos de estudio de Biblia que los pap\u00e1s hacen con sus ni\u00f1os.<\/p>\n<p>\u00c9l y su esposa Karen y su hija Amy viven en Dallas, TX.<\/p>\n<p>Para conocer sobre el ministerio de Bill, visita: <a href=\"http:\/\/www.practiceministries.org\" target=\"_blank\">practiceministries.org<\/a>.<\/p>\n<p><a href=\"..\/contact-bill\/\">Contacto Bill<\/a><\/p>\n","protected":false},"excerpt":{"rendered":"<p>Bill es el director de Ministerios Pr\u00e1cticos, escribe lecciones de estudio de Biblia para ni\u00f1os y organiza grupos de estudio de Biblia que los pap\u00e1s hacen con sus ni\u00f1os. \u00c9l y su esposa Karen y su hija Amy viven en Dallas, TX. Para conocer sobre el ministerio de Bill, visita: practiceministries.org. Contacto Bill<\/p>\n","protected":false},"author":85,"featured_media":463,"parent":0,"menu_order":4,"comment_status":"closed","ping_status":"closed","template":"","meta":{"footnotes":""},"class_list":["post-19","page","type-page","status-publish","has-post-thumbnail","hentry"],"yoast_head":"<!-- This site is optimized with the Yoast SEO plugin v26.7 - https:\/\/yoast.com\/wordpress\/plugins\/seo\/ -->\n<title>About the Author - El Camino de Entrada del Rey<\/title>\n<meta name=\"robots\" content=\"index, follow, max-snippet:-1, max-image-preview:large, max-video-preview:-1\" \/>\n<link rel=\"canonical\" href=\"https:\/\/kingsentryway.com\/about-the-author\/\" \/>\n<script type=\"application\/ld+json\" class=\"yoast-schema-graph\">{\"@context\":\"https:\/\/schema.org\",\"@graph\":[{\"@type\":\"WebPage\",\"@id\":\"https:\/\/kingsentryway.com\/about-the-author\/\",\"url\":\"https:\/\/kingsentryway.com\/about-the-author\/\",\"name\":\"About the Author - El Camino de Entrada del Rey\",\"isPartOf\":{\"@id\":\"https:\/\/kingsentryway.com\/#website\"},\"primaryImageOfPage\":{\"@id\":\"https:\/\/kingsentryway.com\/about-the-author\/#primaryimage\"},\"image\":{\"@id\":\"https:\/\/kingsentryway.com\/about-the-author\/#primaryimage\"},\"thumbnailUrl\":\"https:\/\/kingsentryway.com\/wp-content\/uploads\/2022\/07\/4D3BCAB9-7A7E-45EF-89BB-2E5DA996B8C1_4_5005_c.jpeg\",\"datePublished\":\"2012-06-11T15:42:02+00:00\",\"dateModified\":\"2022-07-25T18:40:22+00:00\",\"inLanguage\":\"en-US\",\"potentialAction\":[{\"@type\":\"ReadAction\",\"target\":[\"https:\/\/kingsentryway.com\/about-the-author\/\"]}]},{\"@type\":\"ImageObject\",\"inLanguage\":\"en-US\",\"@id\":\"https:\/\/kingsentryway.com\/about-the-author\/#primaryimage\",\"url\":\"https:\/\/kingsentryway.com\/wp-content\/uploads\/2022\/07\/4D3BCAB9-7A7E-45EF-89BB-2E5DA996B8C1_4_5005_c.jpeg\",\"contentUrl\":\"https:\/\/kingsentryway.com\/wp-content\/uploads\/2022\/07\/4D3BCAB9-7A7E-45EF-89BB-2E5DA996B8C1_4_5005_c.jpeg\",\"width\":246,\"height\":239},{\"@type\":\"WebSite\",\"@id\":\"https:\/\/kingsentryway.com\/#website\",\"url\":\"https:\/\/kingsentryway.com\/\",\"name\":\"El Camino de Entrada del Rey\",\"description\":\"Un Cuento Eterno por Bill Zukoski\",\"potentialAction\":[{\"@type\":\"SearchAction\",\"target\":{\"@type\":\"EntryPoint\",\"urlTemplate\":\"https:\/\/kingsentryway.com\/?s={search_term_string}\"},\"query-input\":{\"@type\":\"PropertyValueSpecification\",\"valueRequired\":true,\"valueName\":\"search_term_string\"}}],\"inLanguage\":\"en-US\"}]}<\/script>\n<!-- \/ Yoast SEO plugin. -->","yoast_head_json":{"title":"About the Author - El Camino de Entrada del Rey","robots":{"index":"index","follow":"follow","max-snippet":"max-snippet:-1","max-image-preview":"max-image-preview:large","max-video-preview":"max-video-preview:-1"},"canonical":"https:\/\/kingsentryway.com\/about-the-author\/","schema":{"@context":"https:\/\/schema.org","@graph":[{"@type":"WebPage","@id":"https:\/\/kingsentryway.com\/about-the-author\/","url":"https:\/\/kingsentryway.com\/about-the-author\/","name":"About the Author - El Camino de Entrada del Rey","isPartOf":{"@id":"https:\/\/kingsentryway.com\/#website"},"primaryImageOfPage":{"@id":"https:\/\/kingsentryway.com\/about-the-author\/#primaryimage"},"image":{"@id":"https:\/\/kingsentryway.com\/about-the-author\/#primaryimage"},"thumbnailUrl":"https:\/\/kingsentryway.com\/wp-content\/uploads\/2022\/07\/4D3BCAB9-7A7E-45EF-89BB-2E5DA996B8C1_4_5005_c.jpeg","datePublished":"2012-06-11T15:42:02+00:00","dateModified":"2022-07-25T18:40:22+00:00","inLanguage":"en-US","potentialAction":[{"@type":"ReadAction","target":["https:\/\/kingsentryway.com\/about-the-author\/"]}]},{"@type":"ImageObject","inLanguage":"en-US","@id":"https:\/\/kingsentryway.com\/about-the-author\/#primaryimage","url":"https:\/\/kingsentryway.com\/wp-content\/uploads\/2022\/07\/4D3BCAB9-7A7E-45EF-89BB-2E5DA996B8C1_4_5005_c.jpeg","contentUrl":"https:\/\/kingsentryway.com\/wp-content\/uploads\/2022\/07\/4D3BCAB9-7A7E-45EF-89BB-2E5DA996B8C1_4_5005_c.jpeg","width":246,"height":239},{"@type":"WebSite","@id":"https:\/\/kingsentryway.com\/#website","url":"https:\/\/kingsentryway.com\/","name":"El Camino de Entrada del Rey","description":"Un Cuento Eterno por Bill Zukoski","potentialAction":[{"@type":"SearchAction","target":{"@type":"EntryPoint","urlTemplate":"https:\/\/kingsentryway.com\/?s={search_term_string}"},"query-input":{"@type":"PropertyValueSpecification","valueRequired":true,"valueName":"search_term_string"}}],"inLanguage":"en-US"}]}},"_links":{"self":[{"href":"https:\/\/kingsentryway.com\/es\/wp-json\/wp\/v2\/pages\/19","targetHints":{"allow":["GET"]}}],"collection":[{"href":"https:\/\/kingsentryway.com\/es\/wp-json\/wp\/v2\/pages"}],"about":[{"href":"https:\/\/kingsentryway.com\/es\/wp-json\/wp\/v2\/types\/page"}],"author":[{"embeddable":true,"href":"https:\/\/kingsentryway.com\/es\/wp-json\/wp\/v2\/users\/85"}],"replies":[{"embeddable":true,"href":"https:\/\/kingsentryway.com\/es\/wp-json\/wp\/v2\/comments?post=19"}],"version-history":[{"count":17,"href":"https:\/\/kingsentryway.com\/es\/wp-json\/wp\/v2\/pages\/19\/revisions"}],"predecessor-version":[{"id":465,"href":"https:\/\/kingsentryway.com\/es\/wp-json\/wp\/v2\/pages\/19\/revisions\/465"}],"wp:featuredmedia":[{"embeddable":true,"href":"https:\/\/kingsentryway.com\/es\/wp-json\/wp\/v2\/media\/463"}],"wp:attachment":[{"href":"https:\/\/kingsentryway.com\/es\/wp-json\/wp\/v2\/media?parent=19"}],"curies":[{"name":"wp","href":"https:\/\/api.w.org\/{rel}","templated":true}]}}