{"id":13,"date":"2012-06-11T10:41:29","date_gmt":"2012-06-11T15:41:29","guid":{"rendered":"http:\/\/www.kingsentryway.com\/?page_id=13"},"modified":"2012-07-12T21:29:18","modified_gmt":"2012-07-13T02:29:18","slug":"preview-book","status":"publish","type":"page","link":"https:\/\/kingsentryway.com\/es\/preview-book\/","title":{"rendered":"Resumen del Libro"},"content":{"rendered":"<p>Estamos emocionados que leas los primeros dos cap\u00edtulos de &#8220;El Camino de Entrada del Rey&#8221;<\/p>\n<p>Desplazate a trav\u00e9s de los primeros dos cap\u00edtulos a tu derecha o &#8211; <a class=\"orderForm\" href=\"chapters-1-2\/\">clic aqu\u00ed<\/a>\u00a0para leer en una ventana mas grande.<\/p>\n","protected":false},"excerpt":{"rendered":"<p>Estamos emocionados que leas los primeros dos cap\u00edtulos de &#8220;El Camino de Entrada del Rey&#8221; Desplazate a trav\u00e9s de los primeros dos cap\u00edtulos a tu derecha o &#8211; clic aqu\u00ed\u00a0para leer en una ventana mas grande.<\/p>\n","protected":false},"author":85,"featured_media":0,"parent":0,"menu_order":7,"comment_status":"open","ping_status":"open","template":"page-preview.php","meta":{"footnotes":""},"class_list":["post-13","page","type-page","status-publish","hentry"],"yoast_head":"<!-- This site is optimized with the Yoast SEO plugin v26.7 - https:\/\/yoast.com\/wordpress\/plugins\/seo\/ -->\n<title>Preview Book - El Camino de Entrada del Rey<\/title>\n<meta name=\"robots\" content=\"index, follow, max-snippet:-1, max-image-preview:large, max-video-preview:-1\" \/>\n<link rel=\"canonical\" href=\"https:\/\/kingsentryway.com\/preview-book\/\" \/>\n<script type=\"application\/ld+json\" class=\"yoast-schema-graph\">{\"@context\":\"https:\/\/schema.org\",\"@graph\":[{\"@type\":\"WebPage\",\"@id\":\"https:\/\/kingsentryway.com\/preview-book\/\",\"url\":\"https:\/\/kingsentryway.com\/preview-book\/\",\"name\":\"Preview Book - El Camino de Entrada del Rey\",\"isPartOf\":{\"@id\":\"https:\/\/kingsentryway.com\/#website\"},\"datePublished\":\"2012-06-11T15:41:29+00:00\",\"dateModified\":\"2012-07-13T02:29:18+00:00\",\"inLanguage\":\"en-US\",\"potentialAction\":[{\"@type\":\"ReadAction\",\"target\":[\"https:\/\/kingsentryway.com\/preview-book\/\"]}]},{\"@type\":\"WebSite\",\"@id\":\"https:\/\/kingsentryway.com\/#website\",\"url\":\"https:\/\/kingsentryway.com\/\",\"name\":\"El Camino de Entrada del Rey\",\"description\":\"Un Cuento Eterno por Bill Zukoski\",\"potentialAction\":[{\"@type\":\"SearchAction\",\"target\":{\"@type\":\"EntryPoint\",\"urlTemplate\":\"https:\/\/kingsentryway.com\/?s={search_term_string}\"},\"query-input\":{\"@type\":\"PropertyValueSpecification\",\"valueRequired\":true,\"valueName\":\"search_term_string\"}}],\"inLanguage\":\"en-US\"}]}<\/script>\n<!-- \/ Yoast SEO plugin. -->","yoast_head_json":{"title":"Preview Book - El Camino de Entrada del Rey","robots":{"index":"index","follow":"follow","max-snippet":"max-snippet:-1","max-image-preview":"max-image-preview:large","max-video-preview":"max-video-preview:-1"},"canonical":"https:\/\/kingsentryway.com\/preview-book\/","schema":{"@context":"https:\/\/schema.org","@graph":[{"@type":"WebPage","@id":"https:\/\/kingsentryway.com\/preview-book\/","url":"https:\/\/kingsentryway.com\/preview-book\/","name":"Preview Book - El Camino de Entrada del Rey","isPartOf":{"@id":"https:\/\/kingsentryway.com\/#website"},"datePublished":"2012-06-11T15:41:29+00:00","dateModified":"2012-07-13T02:29:18+00:00","inLanguage":"en-US","potentialAction":[{"@type":"ReadAction","target":["https:\/\/kingsentryway.com\/preview-book\/"]}]},{"@type":"WebSite","@id":"https:\/\/kingsentryway.com\/#website","url":"https:\/\/kingsentryway.com\/","name":"El Camino de Entrada del Rey","description":"Un Cuento Eterno por Bill Zukoski","potentialAction":[{"@type":"SearchAction","target":{"@type":"EntryPoint","urlTemplate":"https:\/\/kingsentryway.com\/?s={search_term_string}"},"query-input":{"@type":"PropertyValueSpecification","valueRequired":true,"valueName":"search_term_string"}}],"inLanguage":"en-US"}]}},"_links":{"self":[{"href":"https:\/\/kingsentryway.com\/es\/wp-json\/wp\/v2\/pages\/13","targetHints":{"allow":["GET"]}}],"collection":[{"href":"https:\/\/kingsentryway.com\/es\/wp-json\/wp\/v2\/pages"}],"about":[{"href":"https:\/\/kingsentryway.com\/es\/wp-json\/wp\/v2\/types\/page"}],"author":[{"embeddable":true,"href":"https:\/\/kingsentryway.com\/es\/wp-json\/wp\/v2\/users\/85"}],"replies":[{"embeddable":true,"href":"https:\/\/kingsentryway.com\/es\/wp-json\/wp\/v2\/comments?post=13"}],"version-history":[{"count":19,"href":"https:\/\/kingsentryway.com\/es\/wp-json\/wp\/v2\/pages\/13\/revisions"}],"predecessor-version":[{"id":315,"href":"https:\/\/kingsentryway.com\/es\/wp-json\/wp\/v2\/pages\/13\/revisions\/315"}],"wp:attachment":[{"href":"https:\/\/kingsentryway.com\/es\/wp-json\/wp\/v2\/media?parent=13"}],"curies":[{"name":"wp","href":"https:\/\/api.w.org\/{rel}","templated":true}]}}