{"id":10,"date":"2012-06-11T10:39:12","date_gmt":"2012-06-11T15:39:12","guid":{"rendered":"http:\/\/www.kingsentryway.com\/?page_id=10"},"modified":"2012-07-13T01:18:51","modified_gmt":"2012-07-13T06:18:51","slug":"meet-josh","status":"publish","type":"page","link":"https:\/\/kingsentryway.com\/es\/meet-josh\/","title":{"rendered":"Le Presento Josh"},"content":{"rendered":"<p>Conocer\u00e1s mucho sobre Josh a trav\u00e9s de la historia. \u00c9l es un artesano, un aventurero, un cuentista. El es fuerte, amable, y el es un Pr\u00edncipe, que puede hacer cosas muy sorprendentes! Josh no es alguien a quien de casualidad conoces todos los d\u00edas\u2026 PERO\u2026 tu realmente puedes conocer a Josh&#8230;<\/p>\n<p><a class=\"orderForm\" href=\"..\/meet-josh-read-more\/\">CLICK AQUI<\/a><\/p>\n","protected":false},"excerpt":{"rendered":"<p>Conocer\u00e1s mucho sobre Josh a trav\u00e9s de la historia. \u00c9l es un artesano, un aventurero, un cuentista. El es fuerte, amable, y el es un Pr\u00edncipe, que puede hacer cosas muy sorprendentes! Josh no es alguien a quien de casualidad conoces todos los d\u00edas\u2026 PERO\u2026 tu realmente puedes conocer a Josh&#8230; CLICK AQUI<\/p>\n","protected":false},"author":85,"featured_media":238,"parent":0,"menu_order":24,"comment_status":"open","ping_status":"open","template":"","meta":{"footnotes":""},"class_list":["post-10","page","type-page","status-publish","has-post-thumbnail","hentry"],"yoast_head":"<!-- This site is optimized with the Yoast SEO plugin v26.7 - https:\/\/yoast.com\/wordpress\/plugins\/seo\/ -->\n<title>Meet Josh - El Camino de Entrada del Rey<\/title>\n<meta name=\"robots\" content=\"index, follow, max-snippet:-1, max-image-preview:large, max-video-preview:-1\" \/>\n<link rel=\"canonical\" href=\"https:\/\/kingsentryway.com\/meet-josh\/\" \/>\n<script type=\"application\/ld+json\" class=\"yoast-schema-graph\">{\"@context\":\"https:\/\/schema.org\",\"@graph\":[{\"@type\":\"WebPage\",\"@id\":\"https:\/\/kingsentryway.com\/meet-josh\/\",\"url\":\"https:\/\/kingsentryway.com\/meet-josh\/\",\"name\":\"Meet Josh - El Camino de Entrada del Rey\",\"isPartOf\":{\"@id\":\"https:\/\/kingsentryway.com\/#website\"},\"primaryImageOfPage\":{\"@id\":\"https:\/\/kingsentryway.com\/meet-josh\/#primaryimage\"},\"image\":{\"@id\":\"https:\/\/kingsentryway.com\/meet-josh\/#primaryimage\"},\"thumbnailUrl\":\"https:\/\/kingsentryway.com\/wp-content\/uploads\/2012\/06\/feat-Contact.jpg\",\"datePublished\":\"2012-06-11T15:39:12+00:00\",\"dateModified\":\"2012-07-13T06:18:51+00:00\",\"inLanguage\":\"en-US\",\"potentialAction\":[{\"@type\":\"ReadAction\",\"target\":[\"https:\/\/kingsentryway.com\/meet-josh\/\"]}]},{\"@type\":\"ImageObject\",\"inLanguage\":\"en-US\",\"@id\":\"https:\/\/kingsentryway.com\/meet-josh\/#primaryimage\",\"url\":\"https:\/\/kingsentryway.com\/wp-content\/uploads\/2012\/06\/feat-Contact.jpg\",\"contentUrl\":\"https:\/\/kingsentryway.com\/wp-content\/uploads\/2012\/06\/feat-Contact.jpg\",\"width\":\"322\",\"height\":\"324\"},{\"@type\":\"WebSite\",\"@id\":\"https:\/\/kingsentryway.com\/#website\",\"url\":\"https:\/\/kingsentryway.com\/\",\"name\":\"El Camino de Entrada del Rey\",\"description\":\"Un Cuento Eterno por Bill Zukoski\",\"potentialAction\":[{\"@type\":\"SearchAction\",\"target\":{\"@type\":\"EntryPoint\",\"urlTemplate\":\"https:\/\/kingsentryway.com\/?s={search_term_string}\"},\"query-input\":{\"@type\":\"PropertyValueSpecification\",\"valueRequired\":true,\"valueName\":\"search_term_string\"}}],\"inLanguage\":\"en-US\"}]}<\/script>\n<!-- \/ Yoast SEO plugin. -->","yoast_head_json":{"title":"Meet Josh - El Camino de Entrada del Rey","robots":{"index":"index","follow":"follow","max-snippet":"max-snippet:-1","max-image-preview":"max-image-preview:large","max-video-preview":"max-video-preview:-1"},"canonical":"https:\/\/kingsentryway.com\/meet-josh\/","schema":{"@context":"https:\/\/schema.org","@graph":[{"@type":"WebPage","@id":"https:\/\/kingsentryway.com\/meet-josh\/","url":"https:\/\/kingsentryway.com\/meet-josh\/","name":"Meet Josh - El Camino de Entrada del Rey","isPartOf":{"@id":"https:\/\/kingsentryway.com\/#website"},"primaryImageOfPage":{"@id":"https:\/\/kingsentryway.com\/meet-josh\/#primaryimage"},"image":{"@id":"https:\/\/kingsentryway.com\/meet-josh\/#primaryimage"},"thumbnailUrl":"https:\/\/kingsentryway.com\/wp-content\/uploads\/2012\/06\/feat-Contact.jpg","datePublished":"2012-06-11T15:39:12+00:00","dateModified":"2012-07-13T06:18:51+00:00","inLanguage":"en-US","potentialAction":[{"@type":"ReadAction","target":["https:\/\/kingsentryway.com\/meet-josh\/"]}]},{"@type":"ImageObject","inLanguage":"en-US","@id":"https:\/\/kingsentryway.com\/meet-josh\/#primaryimage","url":"https:\/\/kingsentryway.com\/wp-content\/uploads\/2012\/06\/feat-Contact.jpg","contentUrl":"https:\/\/kingsentryway.com\/wp-content\/uploads\/2012\/06\/feat-Contact.jpg","width":"322","height":"324"},{"@type":"WebSite","@id":"https:\/\/kingsentryway.com\/#website","url":"https:\/\/kingsentryway.com\/","name":"El Camino de Entrada del Rey","description":"Un Cuento Eterno por Bill Zukoski","potentialAction":[{"@type":"SearchAction","target":{"@type":"EntryPoint","urlTemplate":"https:\/\/kingsentryway.com\/?s={search_term_string}"},"query-input":{"@type":"PropertyValueSpecification","valueRequired":true,"valueName":"search_term_string"}}],"inLanguage":"en-US"}]}},"_links":{"self":[{"href":"https:\/\/kingsentryway.com\/es\/wp-json\/wp\/v2\/pages\/10","targetHints":{"allow":["GET"]}}],"collection":[{"href":"https:\/\/kingsentryway.com\/es\/wp-json\/wp\/v2\/pages"}],"about":[{"href":"https:\/\/kingsentryway.com\/es\/wp-json\/wp\/v2\/types\/page"}],"author":[{"embeddable":true,"href":"https:\/\/kingsentryway.com\/es\/wp-json\/wp\/v2\/users\/85"}],"replies":[{"embeddable":true,"href":"https:\/\/kingsentryway.com\/es\/wp-json\/wp\/v2\/comments?post=10"}],"version-history":[{"count":13,"href":"https:\/\/kingsentryway.com\/es\/wp-json\/wp\/v2\/pages\/10\/revisions"}],"predecessor-version":[{"id":318,"href":"https:\/\/kingsentryway.com\/es\/wp-json\/wp\/v2\/pages\/10\/revisions\/318"}],"wp:featuredmedia":[{"embeddable":true,"href":"https:\/\/kingsentryway.com\/es\/wp-json\/wp\/v2\/media\/238"}],"wp:attachment":[{"href":"https:\/\/kingsentryway.com\/es\/wp-json\/wp\/v2\/media?parent=10"}],"curies":[{"name":"wp","href":"https:\/\/api.w.org\/{rel}","templated":true}]}}